{"id":1638,"date":"2017-06-10T08:21:56","date_gmt":"2017-06-10T08:21:56","guid":{"rendered":"http:\/\/xtratheme.comagency\/?page_id=4"},"modified":"2018-08-04T02:04:36","modified_gmt":"2018-08-04T05:04:36","slug":"home","status":"publish","type":"page","link":"https:\/\/www.worshiphouse.com.br\/page\/","title":{"rendered":"Home"},"content":{"rendered":"<div class=\"wpb-content-wrapper\"><p>[vc_row full_width=&#8221;stretch_row_content_no_spaces&#8221; css=&#8221;.vc_custom_1524466039828{margin-top: -1px !important;padding-top: 60px !important;padding-bottom: 60px !important;background-color: #ffffff !important;}&#8221;][vc_column width=&#8221;1\/3&#8243;]<div class=\"cz_gap clr \" style=\"height: 50px\"><\/div><div id=\"cz_78818\" class=\"cz_78818 cz_title clr cz_mobile_text_center cz_title_pos_right tar\"><div class=\"cz_title_content\"><div class=\"cz_wpe_content\"><div style=\"line-height: 1; text-align: right;\"><span style=\"color: #000000;\"><span style=\"font-size: 66px;\">O que \u00e9<\/span><\/span><\/div>\n<div style=\"line-height: 1; text-align: right;\"><span style=\"color: #000000;\"><span style=\"font-size: 66px;\"> Worship <\/span><\/span><\/div>\n<div style=\"line-height: 1; text-align: right;\"><span style=\"color: #000000;\"><span style=\"font-size: 66px;\">House?<\/span><\/span><\/div>\n<\/div><\/div><\/div><div class=\"cz_gap clr  hide_on_mobile\" style=\"height: 50px\"><\/div><div class=\"cz_gap show_on_mobile clr\" style=\"height: 1px\"><\/div>[\/vc_column][vc_column width=&#8221;1\/3&#8243; css=&#8221;.vc_custom_1505856041955{padding-left: 30px !important;}&#8221;]<div class=\"cz_gap clr \" style=\"height: 50px\"><\/div>[vc_column_text]<\/p>\n<p style=\"text-align: justify;\">Um projeto que visa juntar aqueles que amam a Cristo em Louvor + Adora\u00e7\u00e3o + Ora\u00e7\u00e3o + Intercess\u00e3o + Comunh\u00e3o, um encontro daqueles que buscam um lugar para se derramar na presen\u00e7a do Senhor com liberdade.<\/p>\n<p>[\/vc_column_text]<div class=\"cz_btn_center\"><div class=\"cz_52085_p\"><a id=\"cz_52085\" class=\"cz_52085 cz_btn cz_btn_txt_no_fx cz_btn_no_fx cz_btn_icon_after\" href=\"#\"><span><strong>Read More<\/strong><i class=\"fa fa-long-arrow-right\"><\/i><\/span><b class=\"cz_btn_onhover\"><strong>Read More<\/strong><i class=\"fa fa-long-arrow-right\"><\/i><\/b><\/a><\/div><\/div>[\/vc_column][vc_column width=&#8221;1\/3&#8243; css=&#8221;.vc_custom_1505856064928{padding-right: 100px !important;}&#8221;]<div class=\"cz_gap clr \" style=\"height: 50px\"><\/div>[vc_row_inner][vc_column_inner][vc_column_text]<\/p>\n<h3 style=\"text-align: center;\">Redes Sociais WH<\/h3>\n<p>[\/vc_column_text][\/vc_column_inner][\/vc_row_inner]<div id=\"cz_73986\" class=\"cz_73986 cz_social_icons cz_social clr cz_social_fx_9 tac\"><a href=\"https:\/\/www.facebook.com\/worshiphousebr\" class=\"cz-facebook\" target=\"_blank\" rel=\"noopener noreferrer\" title=\"Facebook\" role=\"button\" tabindex=\"0\" aria-label=\"Facebook\"><i class=\"fa fa-facebook\"><\/i><\/a><a href=\"https:\/\/www.instagram.com\/worshiphousebr\/\" class=\"cz-instagram\" target=\"_blank\" rel=\"noopener noreferrer\" title=\"Instagram\" role=\"button\" tabindex=\"0\" aria-label=\"Instagram\"><i class=\"fa fa-instagram\"><\/i><\/a><a href=\"https:\/\/www.youtube.com\/channel\/UC7Fpq9vYBQY8T6DU7x6dDhg\" class=\"cz-youtube-play\" target=\"_blank\" rel=\"noopener noreferrer\" title=\"YouTube\" role=\"button\" tabindex=\"0\" aria-label=\"YouTube\"><i class=\"fa fa-youtube-play\"><\/i><\/a><\/div><div class=\"cz_gap clr \" style=\"height: 20px\"><\/div><div class=\"cz_gap clr \" style=\"height: 20px\"><\/div>[\/vc_column][\/vc_row][vc_row full_width=&#8221;stretch_row_content_no_spaces&#8221; equal_height=&#8221;yes&#8221;][vc_column width=&#8221;1\/3&#8243; css=&#8221;.vc_custom_1533184633868{background-image: url(http:\/\/www.worshiphouse.com.br\/page\/wp-content\/uploads\/2018\/08\/home_02.jpg?id=1668) !important;background-position: center !important;background-repeat: no-repeat !important;background-size: cover !important;}&#8221; offset=&#8221;vc_col-xs-12&#8243;]<div class=\"cz_gap clr  hide_on_mobile\" style=\"height: 500px\"><\/div><div class=\"cz_gap show_on_mobile clr\" style=\"height: 320px\"><\/div>[\/vc_column][vc_column width=&#8221;1\/3&#8243; css=&#8221;.vc_custom_1502780380482{padding-right: 30px !important;padding-left: 30px !important;background-color: #ffffff !important;}&#8221;]<div class=\"cz_gap clr  hide_on_mobile\" style=\"height: 50px\"><\/div><div class=\"cz_gap show_on_mobile clr\" style=\"height: 20px\"><\/div><div id=\"cz_21983\" class=\"cz_21983 services clr style1 services_b\"><div class=\"service_custom\"><i class=\"fa fa-music\"><\/i><\/div><div class=\"service_text\"><h3>Louvor<\/h3><div class=\"cz_wpe_content\"><span style=\"color: #222222;\">Com can\u00e7\u00f5es centradas no Pai, no Filho e no Esp\u00edrito Santo, cultuamos ao nosso Senhor e Deus.<\/span><\/div><\/div><\/div><div class=\"cz_gap clr \" style=\"height: 50px\"><\/div>[\/vc_column][vc_column width=&#8221;1\/3&#8243; css=&#8221;.vc_custom_1533184663090{background-image: url(http:\/\/www.worshiphouse.com.br\/page\/wp-content\/uploads\/2018\/08\/home_03.jpg?id=1669) !important;background-position: center !important;background-repeat: no-repeat !important;background-size: cover !important;}&#8221; offset=&#8221;vc_col-xs-12&#8243;]<div class=\"cz_gap clr  hide_on_mobile\" style=\"height: 500px\"><\/div><div class=\"cz_gap show_on_mobile clr\" style=\"height: 320px\"><\/div>[\/vc_column][\/vc_row][vc_row full_width=&#8221;stretch_row_content_no_spaces&#8221; equal_height=&#8221;yes&#8221;][vc_column width=&#8221;1\/3&#8243; css=&#8221;.vc_custom_1502754775084{padding-right: 30px !important;padding-left: 30px !important;background-color: #ffffff !important;}&#8221;]<div class=\"cz_gap clr  hide_on_mobile\" style=\"height: 50px\"><\/div><div class=\"cz_gap show_on_mobile clr\" style=\"height: 20px\"><\/div><div id=\"cz_65939\" class=\"cz_65939 services clr style1 services_b\"><div class=\"service_custom\"><i class=\"fa czico-043-heart-outline\"><\/i><\/div><div class=\"service_text\"><h3>Adora\u00e7\u00e3o<\/h3><div class=\"cz_wpe_content\"><span style=\"color: #000000;\">Um tempo de adora\u00e7\u00e3o, clamor, exalta\u00e7\u00e3o, de glorificar ao nosso Senhor.<\/span><\/div><\/div><\/div><div class=\"cz_gap clr \" style=\"height: 50px\"><\/div>[\/vc_column][vc_column width=&#8221;1\/3&#8243; css=&#8221;.vc_custom_1533184555399{background-image: url(http:\/\/www.worshiphouse.com.br\/page\/wp-content\/uploads\/2018\/08\/home_01.jpg?id=1667) !important;background-position: center !important;background-repeat: no-repeat !important;background-size: cover !important;}&#8221; offset=&#8221;vc_col-xs-12&#8243;]<div class=\"cz_gap clr  hide_on_mobile\" style=\"height: 500px\"><\/div><div class=\"cz_gap show_on_mobile clr\" style=\"height: 320px\"><\/div>[\/vc_column][vc_column width=&#8221;1\/3&#8243; css=&#8221;.vc_custom_1502756078592{padding-right: 30px !important;padding-left: 30px !important;background-color: #ffffff !important;}&#8221;]<div class=\"cz_gap clr  hide_on_mobile\" style=\"height: 50px\"><\/div><div class=\"cz_gap show_on_mobile clr\" style=\"height: 20px\"><\/div><div id=\"cz_107269\" class=\"cz_107269 services clr style1 services_b\"><div class=\"service_custom\"><i class=\"fa fa-users\"><\/i><\/div><div class=\"service_text\"><h3>Comunh\u00e3o<\/h3><div class=\"cz_wpe_content\"><span style=\"color: #000000;\">Um dos grandes pilares da vida Crist\u00e3! A comunh\u00e3o \u00e9 um elemento importante e deve ser buscada com zelo.<\/span><\/div><\/div><\/div><div class=\"cz_gap clr \" style=\"height: 50px\"><\/div>[\/vc_column][\/vc_row][vc_row full_width=&#8221;stretch_row&#8221; parallax=&#8221;content-moving&#8221; parallax_image=&#8221;442&#8243; parallax_speed_bg=&#8221;2.5&#8243; css=&#8221;.vc_custom_1516699440134{padding-top: 90px !important;padding-bottom: 90px !important;}&#8221;][vc_column width=&#8221;1\/4&#8243;]<div id=\"cz_81259\" data-disable-comma=\"\" data-duration=\"1000\" data-delay=\"0000\" class=\"cz_81259 cz_counter clr tac cz_2rows\"><div class=\"\"><span class=\"cz_counter_num_wrap\"><span class=\"cz_counter_num\">2<\/span><\/span><span class=\"cz_counter_after\">horas<\/span><\/div><\/div>[\/vc_column][vc_column width=&#8221;1\/4&#8243;]<div id=\"cz_75366\" data-disable-comma=\"\" data-duration=\"1000\" data-delay=\"0000\" class=\"cz_75366 cz_counter clr tac cz_2rows\"><div class=\"\"><span class=\"cz_counter_num_wrap\"><span class=\"cz_counter_num\">4<\/span><\/span><span class=\"cz_counter_after\">Sess\u00f5es<\/span><\/div><\/div>[\/vc_column][vc_column width=&#8221;1\/4&#8243;]<div id=\"cz_108334\" data-disable-comma=\"\" data-duration=\"1000\" data-delay=\"0000\" class=\"cz_108334 cz_counter clr tac cz_2rows\"><div class=\"\"><span class=\"cz_counter_num_wrap\"><span class=\"cz_counter_num\">2<\/span><\/span><span class=\"cz_counter_after\">Per\u00edodos de Ora\u00e7\u00e3o<\/span><\/div><\/div>[\/vc_column][vc_column width=&#8221;1\/4&#8243;]<div id=\"cz_103821\" data-disable-comma=\"\" data-duration=\"1000\" data-delay=\"0000\" class=\"cz_103821 cz_counter clr tac cz_2rows\"><div class=\"\"><span class=\"cz_counter_num_wrap\"><span class=\"cz_counter_num\">1<\/span><\/span><span class=\"cz_counter_after\">Ministra\u00e7\u00e3o<\/span><\/div><\/div>[\/vc_column][\/vc_row][vc_row full_width=&#8221;stretch_row&#8221;][vc_column width=&#8221;1\/2&#8243; css=&#8221;.vc_custom_1502889302465{padding-right: 40px !important;padding-left: 40px !important;}&#8221;]<div class=\"cz_gap clr  hide_on_mobile\" style=\"height: 80px\"><\/div><div class=\"cz_gap show_on_mobile clr\" style=\"height: 30px\"><\/div><div id=\"cz_26338\" class=\"cz_26338 cz_title clr cz_mobile_text_center cz_title_has_icon cz_title_pos_inline\"><div class=\"cz_title_content\"><i class=\"cz_title_icon_before fa fa-dot-circle-o\"><\/i><div class=\"cz_wpe_content\"><h3>Como participar?<\/h3>\n<\/div><\/div><\/div><div class=\"cz_gap clr \" style=\"height: 20px\"><\/div><div id=\"cz_93806\" class=\"cz_93806 progress_bar pbar1\"><span><b>30%<\/b><\/span><p><i class=\"fa fa-dot-circle-o mr10\"><\/i>\u00c2nimo<\/p><\/div><div class=\"cz_gap clr \" style=\"height: 10px\"><\/div><div id=\"cz_65390\" class=\"cz_65390 progress_bar pbar1\"><span><b>40%<\/b><\/span><p><i class=\"fa fa-dot-circle-o mr10\"><\/i>F\u00e9<\/p><\/div><div class=\"cz_gap clr \" style=\"height: 10px\"><\/div><div id=\"cz_57523\" class=\"cz_57523 progress_bar pbar1\"><span><b>10%<\/b><\/span><p><i class=\"fa fa-dot-circle-o mr10\"><\/i>Saber cantar bem?<\/p><\/div><div class=\"cz_gap clr \" style=\"height: 10px\"><\/div><div id=\"cz_70150\" class=\"cz_70150 progress_bar pbar1\"><span><b>100%<\/b><\/span><p><i class=\"fa fa-dot-circle-o mr10\"><\/i>Cora\u00e7\u00e3o aberto<\/p><\/div><div class=\"cz_gap clr \" style=\"height: 10px\"><\/div>[\/vc_column][vc_column width=&#8221;1\/2&#8243;]<div class=\"cz_gap clr \" style=\"height: 80px\"><\/div><div id=\"cz_52383\" class=\"cz_52383 cz_title clr cz_title_has_icon cz_title_pos_inline\"><div class=\"cz_title_content\"><i class=\"cz_title_icon_before fa fa-dot-circle-o\"><\/i><div class=\"cz_wpe_content\"><h3>O que falam sobre o evento?<\/h3>\n<\/div><\/div><\/div><div class=\"cz_gap clr \" style=\"height: 30px\"><\/div>[vc_column_text]Ainda n\u00e3o falam, este ser\u00e1 nosso primeiro evento, mas em breve esperamos bons coment\u00e1rios para colocarmos aqui![\/vc_column_text][\/vc_column][\/vc_row][vc_row][vc_column]<div class=\"cz_gap clr \" style=\"height: 100px\"><\/div>[\/vc_column][\/vc_row][vc_row full_width=&#8221;stretch_row&#8221; parallax=&#8221;content-moving&#8221; parallax_image=&#8221;471&#8243; el_class=&#8221;cz_fixed_bg&#8221; css=&#8221;.vc_custom_1524466052821{margin-bottom: -1px !important;}&#8221;][vc_column]<div class=\"cz_gap clr \" style=\"height: 120px\"><\/div><div id=\"cz_20968\" class=\"cz_20968 cz_title clr cz_title_pos_center tac\"><div class=\"cz_title_content\"><div class=\"cz_wpe_content\"><p style=\"text-align: center;\"><span style=\"color: #ffffff; font-size: 60px; font-weight: bold;\">Quer ajudar nas pr\u00f3ximas edi\u00e7\u00f5es?<\/span><\/p>\n<\/div><\/div><\/div><div class=\"cz_gap clr \" style=\"height: 50px\"><\/div><div class=\"cz_btn_center\"><div class=\"cz_97669_p\"><a id=\"cz_97669\" class=\"cz_97669 cz_btn cz_btn_txt_no_fx cz_btn_no_fx cz_btn_icon_after\" href=\"#\"><span><strong>Fa\u00e7a parte<\/strong><i class=\"fa fa-long-arrow-right\"><\/i><\/span><b class=\"cz_btn_onhover\"><strong>Fa\u00e7a parte<\/strong><i class=\"fa fa-long-arrow-right\"><\/i><\/b><\/a><\/div><\/div><div class=\"cz_gap clr \" style=\"height: 150px\"><\/div>[\/vc_column][\/vc_row]<\/p>\n<\/div>","protected":false},"excerpt":{"rendered":"<p>Um projeto que visa &#8230; <\/p>\n","protected":false},"author":1,"featured_media":0,"parent":0,"menu_order":0,"comment_status":"closed","ping_status":"closed","template":"","meta":{"jetpack_post_was_ever_published":false,"footnotes":""},"class_list":["post-1638","page","type-page","status-publish","hentry"],"jetpack_sharing_enabled":true,"jetpack_shortlink":"https:\/\/wp.me\/PaagTu-qq","jetpack-related-posts":[],"_links":{"self":[{"href":"https:\/\/www.worshiphouse.com.br\/page\/wp-json\/wp\/v2\/pages\/1638","targetHints":{"allow":["GET"]}}],"collection":[{"href":"https:\/\/www.worshiphouse.com.br\/page\/wp-json\/wp\/v2\/pages"}],"about":[{"href":"https:\/\/www.worshiphouse.com.br\/page\/wp-json\/wp\/v2\/types\/page"}],"author":[{"embeddable":true,"href":"https:\/\/www.worshiphouse.com.br\/page\/wp-json\/wp\/v2\/users\/1"}],"replies":[{"embeddable":true,"href":"https:\/\/www.worshiphouse.com.br\/page\/wp-json\/wp\/v2\/comments?post=1638"}],"version-history":[{"count":8,"href":"https:\/\/www.worshiphouse.com.br\/page\/wp-json\/wp\/v2\/pages\/1638\/revisions"}],"predecessor-version":[{"id":1723,"href":"https:\/\/www.worshiphouse.com.br\/page\/wp-json\/wp\/v2\/pages\/1638\/revisions\/1723"}],"wp:attachment":[{"href":"https:\/\/www.worshiphouse.com.br\/page\/wp-json\/wp\/v2\/media?parent=1638"}],"curies":[{"name":"wp","href":"https:\/\/api.w.org\/{rel}","templated":true}]}}