{"id":24,"date":"2018-07-31T14:37:43","date_gmt":"2018-07-31T17:37:43","guid":{"rendered":"http:\/\/www.worshiphouse.com.br\/page\/?page_id=24"},"modified":"2019-08-03T21:08:50","modified_gmt":"2019-08-04T00:08:50","slug":"evento","status":"publish","type":"page","link":"https:\/\/www.worshiphouse.com.br\/page\/evento\/","title":{"rendered":"O evento"},"content":{"rendered":"<h2><strong>Worship House<\/strong><\/h2>\n<p>Um encontro entre crist\u00e3os que buscam um momento dedicado para louvar, adorar, orar e interceder com liberdade.<\/p>\n<p>Uma iniciativa sem fins lucrativos do Minist\u00e9rio Mais Que Adoradores para edifica\u00e7\u00e3o de pessoas que amam a Cristo e ao Evangelho.<\/p>\n<p>Temos uma meta de buscar aqueles que se afastaram da &#8220;igreja&#8221; (pessoas) ou das institui\u00e7\u00f5es, oferecendo uma alternativa para voltarem a pratica da comunh\u00e3o foram do seu c\u00edrculo de amizades ou fam\u00edlia, uma alternativa para apoiar outros crist\u00e3os e encontrar apoio.<\/p>\n<blockquote><p>O evento ainda n\u00e3o tem o foco de evangelismo de n\u00e3o crentes, que ser\u00e1 uma etapa posterior.<\/p><\/blockquote>\n<p>Aqueles que se afastaram de alguma institui\u00e7\u00e3o e que desejam voltar, mas n\u00e3o conseguem fazer isso sozinhos, receber\u00e3o apoios para encontrar um local que<\/p>\n<p>Uma noite em que voc\u00ea n\u00e3o ser\u00e1 cobrado por pagar em dia seus d\u00edzimos ou ofertas, por ter ou n\u00e3o ido na escola b\u00edblica, por ter ido ou n\u00e3o no culto de domingo.<\/p>\n<p>Uma noite em que verdades b\u00edblicas ser\u00e3o expostas atrav\u00e9s dos louvores e da palavra, onde o PAI e o FILHO s\u00e3o o centro, onde o Esp\u00edrito Santo tem total liberdade, onde o homem n\u00e3o ser\u00e1 a prioridade.<\/p>\n<p>Uma noite onde voc\u00ea ser\u00e1 incentivado a se relacionar com seus irm\u00e3os e crescer na comunh\u00e3o com o corpo de Cristo.<\/p>\n<p>S\u00e3o duas horas de evento dividida em 4 sess\u00f5es.<\/p>\n<p>Cada sess\u00e3o incluir um per\u00edodo de louvor e ora\u00e7\u00e3o, e ap\u00f3s a segunda sess\u00e3o temos um momento de medita\u00e7\u00e3o.<\/p>\n<p>Certamente voc\u00ea ser\u00e1 impactado pelos louvores, pela palavra, pelas ora\u00e7\u00f5es e acima de tudo pela a\u00e7\u00e3o de convencimento do Esp\u00edrito Santo.<\/p>\n<p>Venha preparado para honrar, glorificar, exaltar, engrandecer, adorar e louvar ao Eterno.<\/p>\n","protected":false},"excerpt":{"rendered":"<p>Worship House Um encontro entre crist\u00e3os que buscam um momento dedicado &#8230; <\/p>\n","protected":false},"author":1,"featured_media":18,"parent":0,"menu_order":0,"comment_status":"closed","ping_status":"closed","template":"","meta":{"jetpack_post_was_ever_published":false,"footnotes":""},"class_list":["post-24","page","type-page","status-publish","has-post-thumbnail","hentry"],"jetpack_sharing_enabled":true,"jetpack_shortlink":"https:\/\/wp.me\/PaagTu-o","jetpack-related-posts":[],"_links":{"self":[{"href":"https:\/\/www.worshiphouse.com.br\/page\/wp-json\/wp\/v2\/pages\/24","targetHints":{"allow":["GET"]}}],"collection":[{"href":"https:\/\/www.worshiphouse.com.br\/page\/wp-json\/wp\/v2\/pages"}],"about":[{"href":"https:\/\/www.worshiphouse.com.br\/page\/wp-json\/wp\/v2\/types\/page"}],"author":[{"embeddable":true,"href":"https:\/\/www.worshiphouse.com.br\/page\/wp-json\/wp\/v2\/users\/1"}],"replies":[{"embeddable":true,"href":"https:\/\/www.worshiphouse.com.br\/page\/wp-json\/wp\/v2\/comments?post=24"}],"version-history":[{"count":5,"href":"https:\/\/www.worshiphouse.com.br\/page\/wp-json\/wp\/v2\/pages\/24\/revisions"}],"predecessor-version":[{"id":3166,"href":"https:\/\/www.worshiphouse.com.br\/page\/wp-json\/wp\/v2\/pages\/24\/revisions\/3166"}],"wp:featuredmedia":[{"embeddable":true,"href":"https:\/\/www.worshiphouse.com.br\/page\/wp-json\/wp\/v2\/media\/18"}],"wp:attachment":[{"href":"https:\/\/www.worshiphouse.com.br\/page\/wp-json\/wp\/v2\/media?parent=24"}],"curies":[{"name":"wp","href":"https:\/\/api.w.org\/{rel}","templated":true}]}}